{"id":17518,"date":"2021-09-22T12:51:24","date_gmt":"2021-09-22T12:51:24","guid":{"rendered":"https:\/\/www.mountainhosteltarter.com\/?page_id=17518"},"modified":"2021-10-20T17:29:11","modified_gmt":"2021-10-20T17:29:11","slug":"eco-friendly","status":"publish","type":"page","link":"https:\/\/www.mountainhosteltarter.com\/ca\/aixi-som\/eco-friendly\/","title":{"rendered":"ECO-FRIENDLY"},"content":{"rendered":"\t\t<div data-elementor-type=\"wp-post\" data-elementor-id=\"17518\" class=\"elementor elementor-17518 elementor-15171\">\n\t\t\t\t\t\t<section class=\"elementor-section elementor-top-section elementor-element elementor-element-24f31f6 elementor-section-boxed elementor-section-height-default elementor-section-height-default\" data-id=\"24f31f6\" data-element_type=\"section\">\n\t\t\t\t\t\t<div class=\"elementor-container elementor-column-gap-default\">\n\t\t\t\t\t<div class=\"elementor-column elementor-col-100 elementor-top-column elementor-element elementor-element-eea188f\" data-id=\"eea188f\" data-element_type=\"column\">\n\t\t\t<div class=\"elementor-widget-wrap elementor-element-populated\">\n\t\t\t\t\t\t<div class=\"elementor-element elementor-element-982e12a elementor-widget elementor-widget-spacer\" data-id=\"982e12a\" data-element_type=\"widget\" data-widget_type=\"spacer.default\">\n\t\t\t\t<div class=\"elementor-widget-container\">\n\t\t\t<style>\/*! elementor - v3.21.0 - 26-05-2024 *\/\n.elementor-column .elementor-spacer-inner{height:var(--spacer-size)}.e-con{--container-widget-width:100%}.e-con-inner>.elementor-widget-spacer,.e-con>.elementor-widget-spacer{width:var(--container-widget-width,var(--spacer-size));--align-self:var(--container-widget-align-self,initial);--flex-shrink:0}.e-con-inner>.elementor-widget-spacer>.elementor-widget-container,.e-con>.elementor-widget-spacer>.elementor-widget-container{height:100%;width:100%}.e-con-inner>.elementor-widget-spacer>.elementor-widget-container>.elementor-spacer,.e-con>.elementor-widget-spacer>.elementor-widget-container>.elementor-spacer{height:100%}.e-con-inner>.elementor-widget-spacer>.elementor-widget-container>.elementor-spacer>.elementor-spacer-inner,.e-con>.elementor-widget-spacer>.elementor-widget-container>.elementor-spacer>.elementor-spacer-inner{height:var(--container-widget-height,var(--spacer-size))}.e-con-inner>.elementor-widget-spacer.elementor-widget-empty,.e-con>.elementor-widget-spacer.elementor-widget-empty{position:relative;min-height:22px;min-width:22px}.e-con-inner>.elementor-widget-spacer.elementor-widget-empty .elementor-widget-empty-icon,.e-con>.elementor-widget-spacer.elementor-widget-empty .elementor-widget-empty-icon{position:absolute;top:0;bottom:0;left:0;right:0;margin:auto;padding:0;width:22px;height:22px}<\/style>\t\t<div class=\"elementor-spacer\">\n\t\t\t<div class=\"elementor-spacer-inner\"><\/div>\n\t\t<\/div>\n\t\t\t\t<\/div>\n\t\t\t\t<\/div>\n\t\t\t\t\t<\/div>\n\t\t<\/div>\n\t\t\t\t\t<\/div>\n\t\t<\/section>\n\t\t\t\t<section class=\"elementor-section elementor-top-section elementor-element elementor-element-fa28b95 elementor-section-full_width habitaciones-list elementor-section-height-default elementor-section-height-default\" data-id=\"fa28b95\" data-element_type=\"section\">\n\t\t\t\t\t\t<div class=\"elementor-container elementor-column-gap-default\">\n\t\t\t\t\t<div class=\"elementor-column elementor-col-50 elementor-top-column elementor-element elementor-element-0c02608\" data-id=\"0c02608\" data-element_type=\"column\">\n\t\t\t<div class=\"elementor-widget-wrap elementor-element-populated\">\n\t\t\t\t\t\t<div class=\"elementor-element elementor-element-a98adb8 espacios-titulo elementor-position-left elementor-vertical-align-top elementor-widget elementor-widget-image-box\" data-id=\"a98adb8\" data-element_type=\"widget\" data-widget_type=\"image-box.default\">\n\t\t\t\t<div class=\"elementor-widget-container\">\n\t\t\t<style>\/*! elementor - v3.21.0 - 26-05-2024 *\/\n.elementor-widget-image-box .elementor-image-box-content{width:100%}@media (min-width:768px){.elementor-widget-image-box.elementor-position-left .elementor-image-box-wrapper,.elementor-widget-image-box.elementor-position-right .elementor-image-box-wrapper{display:flex}.elementor-widget-image-box.elementor-position-right .elementor-image-box-wrapper{text-align:end;flex-direction:row-reverse}.elementor-widget-image-box.elementor-position-left .elementor-image-box-wrapper{text-align:start;flex-direction:row}.elementor-widget-image-box.elementor-position-top .elementor-image-box-img{margin:auto}.elementor-widget-image-box.elementor-vertical-align-top .elementor-image-box-wrapper{align-items:flex-start}.elementor-widget-image-box.elementor-vertical-align-middle .elementor-image-box-wrapper{align-items:center}.elementor-widget-image-box.elementor-vertical-align-bottom .elementor-image-box-wrapper{align-items:flex-end}}@media (max-width:767px){.elementor-widget-image-box .elementor-image-box-img{margin-left:auto!important;margin-right:auto!important;margin-bottom:15px}}.elementor-widget-image-box .elementor-image-box-img{display:inline-block}.elementor-widget-image-box .elementor-image-box-title a{color:inherit}.elementor-widget-image-box .elementor-image-box-wrapper{text-align:center}.elementor-widget-image-box .elementor-image-box-description{margin:0}<\/style><div class=\"elementor-image-box-wrapper\"><figure class=\"elementor-image-box-img\"><a href=\"https:\/\/www.mountainhosteltarter.com\/habitaciones\/\" tabindex=\"-1\"><img decoding=\"async\" width=\"64\" height=\"64\" src=\"https:\/\/www.mountainhosteltarter.com\/wp-content\/uploads\/2021\/08\/next.png\" class=\"attachment-full size-full wp-image-17521\" alt=\"\" \/><\/a><\/figure><div class=\"elementor-image-box-content\"><h3 class=\"elementor-image-box-title\"><a href=\"https:\/\/www.mountainhosteltarter.com\/habitaciones\/\">Equilibrada fusi\u00f3 de l\u2019antic i el modern<\/a><\/h3><p class=\"elementor-image-box-description\">Hem valorat profundament aquest projecte des del respecte a la natura i la cultura del lloc. Mountain Hostel Tarter s\u2019ha creat en una casa r\u00fastica, una construcci\u00f3 t\u00edpica de muntanya a Andorra anomenada \u201cborda\u201d, amb una antiguitat de 200 anys. Va ser constru\u00efda al segle XVIII i ampliada al XIX com una instal\u00b7laci\u00f3 agro-ramadera allunyada dels nuclis de poblaci\u00f3, on es donava aixopluc als animals de treball (mules o vaques) alhora que s\u2019emmagatzemava la collita.\nEn la construcci\u00f3 del hostel hem actuat amb extrem respecte sobre l\u2019estructura original de la casa, mantenint les parets de pedra, els pilars de fusta i la teulada de pissarra per fora i fusta per dins. A partir d\u2019un edifici de m\u00e9s de 2 segles, hem desenvolupat un hostel de muntanya que respon a totes les necessitats i comoditats dels viatgers del segle XXI. L\u2019acurada fusi\u00f3 de l\u2019antic i el modern ha estat l\u2019objectiu b\u00e0sic del projecte de reconstrucci\u00f3.<\/p><\/div><\/div>\t\t<\/div>\n\t\t\t\t<\/div>\n\t\t\t\t<div class=\"elementor-element elementor-element-cfe168d espacios-titulo elementor-position-left elementor-vertical-align-top elementor-widget elementor-widget-image-box\" data-id=\"cfe168d\" data-element_type=\"widget\" data-widget_type=\"image-box.default\">\n\t\t\t\t<div class=\"elementor-widget-container\">\n\t\t\t<div class=\"elementor-image-box-wrapper\"><figure class=\"elementor-image-box-img\"><a href=\"https:\/\/www.mountainhosteltarter.com\/habitaciones\/\" tabindex=\"-1\"><img decoding=\"async\" width=\"64\" height=\"64\" src=\"https:\/\/www.mountainhosteltarter.com\/wp-content\/uploads\/2021\/08\/next.png\" class=\"attachment-full size-full wp-image-17521\" alt=\"\" \/><\/a><\/figure><div class=\"elementor-image-box-content\"><h3 class=\"elementor-image-box-title\"><a href=\"https:\/\/www.mountainhosteltarter.com\/habitaciones\/\">El sol, font d\u2019energia ecol\u00f2gica que consumir\u00e0s<\/a><\/h3><p class=\"elementor-image-box-description\">A Mountain Hostel Tarter, aprofitem l\u2019energia del sol per a la producci\u00f3 d\u2019aigua calenta aix\u00ed com per escalfar la nostra piscina-jacuzzi exterior, utilitzant panells solars de molt baix impacte ambiental.<\/p><\/div><\/div>\t\t<\/div>\n\t\t\t\t<\/div>\n\t\t\t\t<div class=\"elementor-element elementor-element-0ecec43 espacios-titulo elementor-position-left elementor-vertical-align-top elementor-widget elementor-widget-image-box\" data-id=\"0ecec43\" data-element_type=\"widget\" data-widget_type=\"image-box.default\">\n\t\t\t\t<div class=\"elementor-widget-container\">\n\t\t\t<div class=\"elementor-image-box-wrapper\"><figure class=\"elementor-image-box-img\"><a href=\"https:\/\/www.mountainhosteltarter.com\/habitaciones\/\" tabindex=\"-1\"><img decoding=\"async\" width=\"64\" height=\"64\" src=\"https:\/\/www.mountainhosteltarter.com\/wp-content\/uploads\/2021\/08\/next.png\" class=\"attachment-full size-full wp-image-17521\" alt=\"\" \/><\/a><\/figure><div class=\"elementor-image-box-content\"><h3 class=\"elementor-image-box-title\"><a href=\"https:\/\/www.mountainhosteltarter.com\/habitaciones\/\">M\u00e9s calor a consum redu\u00eft<\/a><\/h3><p class=\"elementor-image-box-description\">A causa del fred, a Andorra, el consum energ\u00e8tic en calefacci\u00f3 \u00e9s molt important. A Mountain Hostel Tarter redu\u00efm aquest consum amb un tipus de radiadors que permeten l\u2019acumulaci\u00f3 de la calor generada per treballar amb m\u00e9s efici\u00e8ncia energ\u00e8tica i aconseguir un major estalvi de consum el\u00e8ctric. Els radiadors estan compostos principalment de silici i \u00f2xid d\u2019alumini, dos elements que optimitzen el rendiment de la calefacci\u00f3. A m\u00e9s, el disseny dels radiadors permet combinar de manera efica\u00e7 els 3 sistemes de calefacci\u00f3: convecci\u00f3, radiaci\u00f3 i acumulaci\u00f3. Aix\u00ed mantenim la calor durant un per\u00edode de temps prolongat amb consum redu\u00eft. Tamb\u00e9 hem renovat totes les finestres de l\u2019alberg amb doble vidratge per evitar fuites de calor innecess\u00e0ries i el conseq\u00fcent malbaratament d\u2019energia.<\/p><\/div><\/div>\t\t<\/div>\n\t\t\t\t<\/div>\n\t\t\t\t<div class=\"elementor-element elementor-element-85edea1 espacios-titulo elementor-position-left elementor-vertical-align-top elementor-widget elementor-widget-image-box\" data-id=\"85edea1\" data-element_type=\"widget\" data-widget_type=\"image-box.default\">\n\t\t\t\t<div class=\"elementor-widget-container\">\n\t\t\t<div class=\"elementor-image-box-wrapper\"><figure class=\"elementor-image-box-img\"><a href=\"https:\/\/www.mountainhosteltarter.com\/habitaciones\/\" tabindex=\"-1\"><img decoding=\"async\" width=\"64\" height=\"64\" src=\"https:\/\/www.mountainhosteltarter.com\/wp-content\/uploads\/2021\/08\/next.png\" class=\"attachment-full size-full wp-image-17521\" alt=\"\" \/><\/a><\/figure><div class=\"elementor-image-box-content\"><h3 class=\"elementor-image-box-title\"><a href=\"https:\/\/www.mountainhosteltarter.com\/habitaciones\/\">Comptem amb tu per estalviar aigua?<\/a><\/h3><p class=\"elementor-image-box-description\">Volem fomentar un \u00fas racional de l\u2019aigua. Per aquest motiu hem equipat el nostre hostel amb aixetes orientades a l\u2019estalvi de l\u2019aigua. Tant al lavabo, dutxes i cuina arribem a estalviar el 50% del consum d\u2019aigua comparat amb els sistemes convencionals.<\/p><\/div><\/div>\t\t<\/div>\n\t\t\t\t<\/div>\n\t\t\t\t<div class=\"elementor-element elementor-element-f10ff2d espacios-titulo elementor-position-left elementor-vertical-align-top elementor-widget elementor-widget-image-box\" data-id=\"f10ff2d\" data-element_type=\"widget\" data-widget_type=\"image-box.default\">\n\t\t\t\t<div class=\"elementor-widget-container\">\n\t\t\t<div class=\"elementor-image-box-wrapper\"><figure class=\"elementor-image-box-img\"><a href=\"https:\/\/www.mountainhosteltarter.com\/habitaciones\/\" tabindex=\"-1\"><img decoding=\"async\" width=\"64\" height=\"64\" src=\"https:\/\/www.mountainhosteltarter.com\/wp-content\/uploads\/2021\/08\/next.png\" class=\"attachment-full size-full wp-image-17521\" alt=\"\" \/><\/a><\/figure><div class=\"elementor-image-box-content\"><h3 class=\"elementor-image-box-title\"><a href=\"https:\/\/www.mountainhosteltarter.com\/habitaciones\/\">S\u00ed, reciclem: Cada residu al seu lloc<\/a><\/h3><p class=\"elementor-image-box-description\">Al hostel trobar\u00e0s diferents contenidors on dipositar cada residu al seu lloc amb l\u2019objectiu de contribuir al reciclatge. A m\u00e9s disposem d\u2019un punt verd molt a prop.<\/p><\/div><\/div>\t\t<\/div>\n\t\t\t\t<\/div>\n\t\t\t\t\t<\/div>\n\t\t<\/div>\n\t\t\t\t<div class=\"elementor-column elementor-col-50 elementor-top-column elementor-element elementor-element-52d6274 imagen-fondo\" data-id=\"52d6274\" data-element_type=\"column\" data-settings=\"{&quot;background_background&quot;:&quot;classic&quot;}\">\n\t\t\t<div class=\"elementor-widget-wrap elementor-element-populated\">\n\t\t\t\t\t<div class=\"elementor-background-overlay\"><\/div>\n\t\t\t\t\t\t<div class=\"elementor-element elementor-element-170641e text-right-list elementor-widget elementor-widget-text-editor\" data-id=\"170641e\" data-element_type=\"widget\" data-widget_type=\"text-editor.default\">\n\t\t\t\t<div class=\"elementor-widget-container\">\n\t\t\t<style>\/*! elementor - v3.21.0 - 26-05-2024 *\/\n.elementor-widget-text-editor.elementor-drop-cap-view-stacked .elementor-drop-cap{background-color:#69727d;color:#fff}.elementor-widget-text-editor.elementor-drop-cap-view-framed .elementor-drop-cap{color:#69727d;border:3px solid;background-color:transparent}.elementor-widget-text-editor:not(.elementor-drop-cap-view-default) .elementor-drop-cap{margin-top:8px}.elementor-widget-text-editor:not(.elementor-drop-cap-view-default) .elementor-drop-cap-letter{width:1em;height:1em}.elementor-widget-text-editor .elementor-drop-cap{float:left;text-align:center;line-height:1;font-size:50px}.elementor-widget-text-editor .elementor-drop-cap-letter{display:inline-block}<\/style>\t\t\t\t<h2 class=\"h2-white1\">ECO-FRIENDLY<\/h2>\n<b style=\"text-align: justify;\">El nostre eco-comprom\u00eds en 5 punts\n<\/b>\n\nAmb la nostra manera de ser no n\u2019hi havia prou amb crear un hostel a Andorra per gaudir dels esports de muntanya i compartir experi\u00e8ncies amb altres viatgers. La nostra obra quedava incompleta si no posem en valor els nostres compromisos amb el medi ambient, amb el patrimoni cultural i natural.\nTe\u2019ls resumim en 5 punts.\t\t\t\t\t\t<\/div>\n\t\t\t\t<\/div>\n\t\t\t\t\t<\/div>\n\t\t<\/div>\n\t\t\t\t\t<\/div>\n\t\t<\/section>\n\t\t\t\t<\/div>\n\t\t","protected":false},"excerpt":{"rendered":"<p>Equilibrada fusi\u00f3 de l\u2019antic i el modern Hem valorat profundament aquest projecte des del respecte a la natura i la cultura del lloc. Mountain Hostel Tarter s\u2019ha creat en una casa r\u00fastica, una construcci\u00f3 t\u00edpica de muntanya a Andorra anomenada \u201cborda\u201d, amb una antiguitat de 200 anys. Va ser constru\u00efda al segle XVIII i ampliada &#8230; <a title=\"ECO-FRIENDLY\" class=\"read-more\" href=\"https:\/\/www.mountainhosteltarter.com\/ca\/aixi-som\/eco-friendly\/\" aria-label=\"Read more about ECO-FRIENDLY\">Llegir m\u00e9s<\/a><\/p>\n","protected":false},"author":1,"featured_media":17520,"parent":17485,"menu_order":53,"comment_status":"closed","ping_status":"closed","template":"","meta":{"_glsr_average":0,"_glsr_ranking":0,"_glsr_reviews":0,"footnotes":""},"yoast_head":"<!-- This site is optimized with the Yoast SEO plugin v22.8 - https:\/\/yoast.com\/wordpress\/plugins\/seo\/ -->\n<title>Allotjament eco-friendly a Grandvalira Andorra - Alberg El Tarter<\/title>\n<meta name=\"description\" content=\"Passa uns dies inoblidables a les muntanyes d&#039;Andorra en un hostal 100% respectu\u00f3s amb el medi ambient i el seu entorn natural.\" \/>\n<meta name=\"robots\" content=\"index, follow, max-snippet:-1, max-image-preview:large, max-video-preview:-1\" \/>\n<link rel=\"canonical\" href=\"https:\/\/www.mountainhosteltarter.com\/ca\/aixi-som\/eco-friendly\/\" \/>\n<meta property=\"og:locale\" content=\"ca_ES\" \/>\n<meta property=\"og:type\" content=\"article\" \/>\n<meta property=\"og:title\" content=\"Allotjament eco-friendly a Grandvalira Andorra - Alberg El Tarter\" \/>\n<meta property=\"og:description\" content=\"Passa uns dies inoblidables a les muntanyes d&#039;Andorra en un hostal 100% respectu\u00f3s amb el medi ambient i el seu entorn natural.\" \/>\n<meta property=\"og:url\" content=\"https:\/\/www.mountainhosteltarter.com\/ca\/aixi-som\/eco-friendly\/\" \/>\n<meta property=\"og:site_name\" content=\"Mountain Hostel Tarter\" \/>\n<meta property=\"article:modified_time\" content=\"2021-10-20T17:29:11+00:00\" \/>\n<meta property=\"og:image\" content=\"https:\/\/www.mountainhosteltarter.com\/wp-content\/uploads\/2021\/08\/ra-outdoor-pool-jacuzzi-swim-spa-106.webp\" \/>\n\t<meta property=\"og:image:width\" content=\"1000\" \/>\n\t<meta property=\"og:image:height\" content=\"667\" \/>\n\t<meta property=\"og:image:type\" content=\"image\/webp\" \/>\n<meta name=\"twitter:card\" content=\"summary_large_image\" \/>\n<meta name=\"twitter:label1\" content=\"Temps estimat de lectura\" \/>\n\t<meta name=\"twitter:data1\" content=\"4 minuts\" \/>\n<script type=\"application\/ld+json\" class=\"yoast-schema-graph\">{\"@context\":\"https:\/\/schema.org\",\"@graph\":[{\"@type\":\"WebPage\",\"@id\":\"https:\/\/www.mountainhosteltarter.com\/ca\/aixi-som\/eco-friendly\/\",\"url\":\"https:\/\/www.mountainhosteltarter.com\/ca\/aixi-som\/eco-friendly\/\",\"name\":\"Allotjament eco-friendly a Grandvalira Andorra - Alberg El Tarter\",\"isPartOf\":{\"@id\":\"https:\/\/www.mountainhosteltarter.com\/fr\/#website\"},\"primaryImageOfPage\":{\"@id\":\"https:\/\/www.mountainhosteltarter.com\/ca\/aixi-som\/eco-friendly\/#primaryimage\"},\"image\":{\"@id\":\"https:\/\/www.mountainhosteltarter.com\/ca\/aixi-som\/eco-friendly\/#primaryimage\"},\"thumbnailUrl\":\"https:\/\/www.mountainhosteltarter.com\/wp-content\/uploads\/2021\/08\/ra-outdoor-pool-jacuzzi-swim-spa-106.webp\",\"datePublished\":\"2021-09-22T12:51:24+00:00\",\"dateModified\":\"2021-10-20T17:29:11+00:00\",\"description\":\"Passa uns dies inoblidables a les muntanyes d'Andorra en un hostal 100% respectu\u00f3s amb el medi ambient i el seu entorn natural.\",\"breadcrumb\":{\"@id\":\"https:\/\/www.mountainhosteltarter.com\/ca\/aixi-som\/eco-friendly\/#breadcrumb\"},\"inLanguage\":\"ca\",\"potentialAction\":[{\"@type\":\"ReadAction\",\"target\":[\"https:\/\/www.mountainhosteltarter.com\/ca\/aixi-som\/eco-friendly\/\"]}]},{\"@type\":\"ImageObject\",\"inLanguage\":\"ca\",\"@id\":\"https:\/\/www.mountainhosteltarter.com\/ca\/aixi-som\/eco-friendly\/#primaryimage\",\"url\":\"https:\/\/www.mountainhosteltarter.com\/wp-content\/uploads\/2021\/08\/ra-outdoor-pool-jacuzzi-swim-spa-106.webp\",\"contentUrl\":\"https:\/\/www.mountainhosteltarter.com\/wp-content\/uploads\/2021\/08\/ra-outdoor-pool-jacuzzi-swim-spa-106.webp\",\"width\":1000,\"height\":667},{\"@type\":\"BreadcrumbList\",\"@id\":\"https:\/\/www.mountainhosteltarter.com\/ca\/aixi-som\/eco-friendly\/#breadcrumb\",\"itemListElement\":[{\"@type\":\"ListItem\",\"position\":1,\"name\":\"Portada\",\"item\":\"https:\/\/www.mountainhosteltarter.com\/ca\/\"},{\"@type\":\"ListItem\",\"position\":2,\"name\":\"Aixi som\",\"item\":\"https:\/\/www.mountainhosteltarter.com\/ca\/aixi-som\/\"},{\"@type\":\"ListItem\",\"position\":3,\"name\":\"ECO-FRIENDLY\"}]},{\"@type\":\"WebSite\",\"@id\":\"https:\/\/www.mountainhosteltarter.com\/fr\/#website\",\"url\":\"https:\/\/www.mountainhosteltarter.com\/fr\/\",\"name\":\"Mountain Hostel Tarter\",\"description\":\"El mejor Hostal en Grandvalira Andorra\",\"publisher\":{\"@id\":\"https:\/\/www.mountainhosteltarter.com\/fr\/#organization\"},\"potentialAction\":[{\"@type\":\"SearchAction\",\"target\":{\"@type\":\"EntryPoint\",\"urlTemplate\":\"https:\/\/www.mountainhosteltarter.com\/fr\/?s={search_term_string}\"},\"query-input\":\"required name=search_term_string\"}],\"inLanguage\":\"ca\"},{\"@type\":\"Organization\",\"@id\":\"https:\/\/www.mountainhosteltarter.com\/fr\/#organization\",\"name\":\"Mountain Hostel Tarter\",\"url\":\"https:\/\/www.mountainhosteltarter.com\/fr\/\",\"logo\":{\"@type\":\"ImageObject\",\"inLanguage\":\"ca\",\"@id\":\"https:\/\/www.mountainhosteltarter.com\/fr\/#\/schema\/logo\/image\/\",\"url\":\"https:\/\/www.mountainhosteltarter.com\/wp-content\/uploads\/2021\/08\/logo.png\",\"contentUrl\":\"https:\/\/www.mountainhosteltarter.com\/wp-content\/uploads\/2021\/08\/logo.png\",\"width\":200,\"height\":103,\"caption\":\"Mountain Hostel Tarter\"},\"image\":{\"@id\":\"https:\/\/www.mountainhosteltarter.com\/fr\/#\/schema\/logo\/image\/\"}}]}<\/script>\n<!-- \/ Yoast SEO plugin. -->","yoast_head_json":{"title":"Allotjament eco-friendly a Grandvalira Andorra - Alberg El Tarter","description":"Passa uns dies inoblidables a les muntanyes d'Andorra en un hostal 100% respectu\u00f3s amb el medi ambient i el seu entorn natural.","robots":{"index":"index","follow":"follow","max-snippet":"max-snippet:-1","max-image-preview":"max-image-preview:large","max-video-preview":"max-video-preview:-1"},"canonical":"https:\/\/www.mountainhosteltarter.com\/ca\/aixi-som\/eco-friendly\/","og_locale":"ca_ES","og_type":"article","og_title":"Allotjament eco-friendly a Grandvalira Andorra - Alberg El Tarter","og_description":"Passa uns dies inoblidables a les muntanyes d'Andorra en un hostal 100% respectu\u00f3s amb el medi ambient i el seu entorn natural.","og_url":"https:\/\/www.mountainhosteltarter.com\/ca\/aixi-som\/eco-friendly\/","og_site_name":"Mountain Hostel Tarter","article_modified_time":"2021-10-20T17:29:11+00:00","og_image":[{"width":1000,"height":667,"url":"https:\/\/www.mountainhosteltarter.com\/wp-content\/uploads\/2021\/08\/ra-outdoor-pool-jacuzzi-swim-spa-106.webp","type":"image\/webp"}],"twitter_card":"summary_large_image","twitter_misc":{"Temps estimat de lectura":"4 minuts"},"schema":{"@context":"https:\/\/schema.org","@graph":[{"@type":"WebPage","@id":"https:\/\/www.mountainhosteltarter.com\/ca\/aixi-som\/eco-friendly\/","url":"https:\/\/www.mountainhosteltarter.com\/ca\/aixi-som\/eco-friendly\/","name":"Allotjament eco-friendly a Grandvalira Andorra - Alberg El Tarter","isPartOf":{"@id":"https:\/\/www.mountainhosteltarter.com\/fr\/#website"},"primaryImageOfPage":{"@id":"https:\/\/www.mountainhosteltarter.com\/ca\/aixi-som\/eco-friendly\/#primaryimage"},"image":{"@id":"https:\/\/www.mountainhosteltarter.com\/ca\/aixi-som\/eco-friendly\/#primaryimage"},"thumbnailUrl":"https:\/\/www.mountainhosteltarter.com\/wp-content\/uploads\/2021\/08\/ra-outdoor-pool-jacuzzi-swim-spa-106.webp","datePublished":"2021-09-22T12:51:24+00:00","dateModified":"2021-10-20T17:29:11+00:00","description":"Passa uns dies inoblidables a les muntanyes d'Andorra en un hostal 100% respectu\u00f3s amb el medi ambient i el seu entorn natural.","breadcrumb":{"@id":"https:\/\/www.mountainhosteltarter.com\/ca\/aixi-som\/eco-friendly\/#breadcrumb"},"inLanguage":"ca","potentialAction":[{"@type":"ReadAction","target":["https:\/\/www.mountainhosteltarter.com\/ca\/aixi-som\/eco-friendly\/"]}]},{"@type":"ImageObject","inLanguage":"ca","@id":"https:\/\/www.mountainhosteltarter.com\/ca\/aixi-som\/eco-friendly\/#primaryimage","url":"https:\/\/www.mountainhosteltarter.com\/wp-content\/uploads\/2021\/08\/ra-outdoor-pool-jacuzzi-swim-spa-106.webp","contentUrl":"https:\/\/www.mountainhosteltarter.com\/wp-content\/uploads\/2021\/08\/ra-outdoor-pool-jacuzzi-swim-spa-106.webp","width":1000,"height":667},{"@type":"BreadcrumbList","@id":"https:\/\/www.mountainhosteltarter.com\/ca\/aixi-som\/eco-friendly\/#breadcrumb","itemListElement":[{"@type":"ListItem","position":1,"name":"Portada","item":"https:\/\/www.mountainhosteltarter.com\/ca\/"},{"@type":"ListItem","position":2,"name":"Aixi som","item":"https:\/\/www.mountainhosteltarter.com\/ca\/aixi-som\/"},{"@type":"ListItem","position":3,"name":"ECO-FRIENDLY"}]},{"@type":"WebSite","@id":"https:\/\/www.mountainhosteltarter.com\/fr\/#website","url":"https:\/\/www.mountainhosteltarter.com\/fr\/","name":"Mountain Hostel Tarter","description":"El mejor Hostal en Grandvalira Andorra","publisher":{"@id":"https:\/\/www.mountainhosteltarter.com\/fr\/#organization"},"potentialAction":[{"@type":"SearchAction","target":{"@type":"EntryPoint","urlTemplate":"https:\/\/www.mountainhosteltarter.com\/fr\/?s={search_term_string}"},"query-input":"required name=search_term_string"}],"inLanguage":"ca"},{"@type":"Organization","@id":"https:\/\/www.mountainhosteltarter.com\/fr\/#organization","name":"Mountain Hostel Tarter","url":"https:\/\/www.mountainhosteltarter.com\/fr\/","logo":{"@type":"ImageObject","inLanguage":"ca","@id":"https:\/\/www.mountainhosteltarter.com\/fr\/#\/schema\/logo\/image\/","url":"https:\/\/www.mountainhosteltarter.com\/wp-content\/uploads\/2021\/08\/logo.png","contentUrl":"https:\/\/www.mountainhosteltarter.com\/wp-content\/uploads\/2021\/08\/logo.png","width":200,"height":103,"caption":"Mountain Hostel Tarter"},"image":{"@id":"https:\/\/www.mountainhosteltarter.com\/fr\/#\/schema\/logo\/image\/"}}]}},"_links":{"self":[{"href":"https:\/\/www.mountainhosteltarter.com\/ca\/wp-json\/wp\/v2\/pages\/17518"}],"collection":[{"href":"https:\/\/www.mountainhosteltarter.com\/ca\/wp-json\/wp\/v2\/pages"}],"about":[{"href":"https:\/\/www.mountainhosteltarter.com\/ca\/wp-json\/wp\/v2\/types\/page"}],"author":[{"embeddable":true,"href":"https:\/\/www.mountainhosteltarter.com\/ca\/wp-json\/wp\/v2\/users\/1"}],"replies":[{"embeddable":true,"href":"https:\/\/www.mountainhosteltarter.com\/ca\/wp-json\/wp\/v2\/comments?post=17518"}],"version-history":[{"count":0,"href":"https:\/\/www.mountainhosteltarter.com\/ca\/wp-json\/wp\/v2\/pages\/17518\/revisions"}],"up":[{"embeddable":true,"href":"https:\/\/www.mountainhosteltarter.com\/ca\/wp-json\/wp\/v2\/pages\/17485"}],"wp:featuredmedia":[{"embeddable":true,"href":"https:\/\/www.mountainhosteltarter.com\/ca\/wp-json\/wp\/v2\/media\/17520"}],"wp:attachment":[{"href":"https:\/\/www.mountainhosteltarter.com\/ca\/wp-json\/wp\/v2\/media?parent=17518"}],"curies":[{"name":"wp","href":"https:\/\/api.w.org\/{rel}","templated":true}]}}