{"id":17306,"date":"2021-09-21T22:22:12","date_gmt":"2021-09-21T22:22:12","guid":{"rendered":"https:\/\/www.mountainhosteltarter.com\/?page_id=17306"},"modified":"2021-10-19T22:25:12","modified_gmt":"2021-10-19T22:25:12","slug":"cuisine-salle-manger","status":"publish","type":"page","link":"https:\/\/www.mountainhosteltarter.com\/fr\/espaces\/cuisine-salle-manger\/","title":{"rendered":"Cuisine salle manger"},"content":{"rendered":"\t\t<div data-elementor-type=\"wp-post\" data-elementor-id=\"17306\" class=\"elementor elementor-17306 elementor-14394\">\n\t\t\t\t\t\t<section class=\"elementor-section elementor-top-section elementor-element elementor-element-24f31f6 elementor-section-boxed elementor-section-height-default elementor-section-height-default\" data-id=\"24f31f6\" data-element_type=\"section\">\n\t\t\t\t\t\t<div class=\"elementor-container elementor-column-gap-default\">\n\t\t\t\t\t<div class=\"elementor-column elementor-col-100 elementor-top-column elementor-element elementor-element-eea188f\" data-id=\"eea188f\" data-element_type=\"column\">\n\t\t\t<div class=\"elementor-widget-wrap elementor-element-populated\">\n\t\t\t\t\t\t<div class=\"elementor-element elementor-element-982e12a elementor-widget elementor-widget-spacer\" data-id=\"982e12a\" data-element_type=\"widget\" data-widget_type=\"spacer.default\">\n\t\t\t\t<div class=\"elementor-widget-container\">\n\t\t\t<style>\/*! elementor - v3.21.0 - 26-05-2024 *\/\n.elementor-column .elementor-spacer-inner{height:var(--spacer-size)}.e-con{--container-widget-width:100%}.e-con-inner>.elementor-widget-spacer,.e-con>.elementor-widget-spacer{width:var(--container-widget-width,var(--spacer-size));--align-self:var(--container-widget-align-self,initial);--flex-shrink:0}.e-con-inner>.elementor-widget-spacer>.elementor-widget-container,.e-con>.elementor-widget-spacer>.elementor-widget-container{height:100%;width:100%}.e-con-inner>.elementor-widget-spacer>.elementor-widget-container>.elementor-spacer,.e-con>.elementor-widget-spacer>.elementor-widget-container>.elementor-spacer{height:100%}.e-con-inner>.elementor-widget-spacer>.elementor-widget-container>.elementor-spacer>.elementor-spacer-inner,.e-con>.elementor-widget-spacer>.elementor-widget-container>.elementor-spacer>.elementor-spacer-inner{height:var(--container-widget-height,var(--spacer-size))}.e-con-inner>.elementor-widget-spacer.elementor-widget-empty,.e-con>.elementor-widget-spacer.elementor-widget-empty{position:relative;min-height:22px;min-width:22px}.e-con-inner>.elementor-widget-spacer.elementor-widget-empty .elementor-widget-empty-icon,.e-con>.elementor-widget-spacer.elementor-widget-empty .elementor-widget-empty-icon{position:absolute;top:0;bottom:0;left:0;right:0;margin:auto;padding:0;width:22px;height:22px}<\/style>\t\t<div class=\"elementor-spacer\">\n\t\t\t<div class=\"elementor-spacer-inner\"><\/div>\n\t\t<\/div>\n\t\t\t\t<\/div>\n\t\t\t\t<\/div>\n\t\t\t\t\t<\/div>\n\t\t<\/div>\n\t\t\t\t\t<\/div>\n\t\t<\/section>\n\t\t\t\t<section class=\"elementor-section elementor-top-section elementor-element elementor-element-fa28b95 elementor-section-full_width habitaciones-list elementor-section-height-default elementor-section-height-default\" data-id=\"fa28b95\" data-element_type=\"section\">\n\t\t\t\t\t\t<div class=\"elementor-container elementor-column-gap-default\">\n\t\t\t\t\t<div class=\"elementor-column elementor-col-50 elementor-top-column elementor-element elementor-element-0c02608\" data-id=\"0c02608\" data-element_type=\"column\">\n\t\t\t<div class=\"elementor-widget-wrap elementor-element-populated\">\n\t\t\t\t\t\t<div class=\"elementor-element elementor-element-5a14298 elementor-widget elementor-widget-spacer\" data-id=\"5a14298\" data-element_type=\"widget\" data-widget_type=\"spacer.default\">\n\t\t\t\t<div class=\"elementor-widget-container\">\n\t\t\t\t\t<div class=\"elementor-spacer\">\n\t\t\t<div class=\"elementor-spacer-inner\"><\/div>\n\t\t<\/div>\n\t\t\t\t<\/div>\n\t\t\t\t<\/div>\n\t\t\t\t<div class=\"elementor-element elementor-element-7ad5885 elementor-widget elementor-widget-text-editor\" data-id=\"7ad5885\" data-element_type=\"widget\" data-widget_type=\"text-editor.default\">\n\t\t\t\t<div class=\"elementor-widget-container\">\n\t\t\t<style>\/*! elementor - v3.21.0 - 26-05-2024 *\/\n.elementor-widget-text-editor.elementor-drop-cap-view-stacked .elementor-drop-cap{background-color:#69727d;color:#fff}.elementor-widget-text-editor.elementor-drop-cap-view-framed .elementor-drop-cap{color:#69727d;border:3px solid;background-color:transparent}.elementor-widget-text-editor:not(.elementor-drop-cap-view-default) .elementor-drop-cap{margin-top:8px}.elementor-widget-text-editor:not(.elementor-drop-cap-view-default) .elementor-drop-cap-letter{width:1em;height:1em}.elementor-widget-text-editor .elementor-drop-cap{float:left;text-align:center;line-height:1;font-size:50px}.elementor-widget-text-editor .elementor-drop-cap-letter{display:inline-block}<\/style>\t\t\t\t<ul><li>Nous vous invitons \u00e0 notre grande et amusante cuisine \u00e9quip\u00e9e ouverte toute la journ\u00e9e<\/li><li>Rappelez-vous que vous pouvez boire notre caf\u00e9 ou th\u00e9 de fa\u00e7on gratuite. Oui, gratuite.<\/li><li>Rien ne manque: four \u00e0 microondes, four, grille-pain, presse-agrumes, mixeur, vitroc\u00e9ramique\u2026<\/li><li>Vous avez \u00e0 votre disposition des frigos pour garder des produits au frais et des paniers pour garder vos aliments.<\/li><li>Vous trouverez des \u00e9tag\u00e8res de choses communes laiss\u00e9es par des personnes sympathiques pour que vous les utilisiez si vous voulez.<\/li><li>Dans la salle \u00e0 manger, qui est ouverte toute la journ\u00e9e, vous pouvez manger confortablement pendant que vous partagez des informations et des exp\u00e9riences avec d\u2019autres voyageurs et vous faites un planning de la journ\u00e9e.<\/li><li>La cuisine est devenue l\u2019\u00e9picentre de l\u2019auberge o\u00f9 des amusants d\u00eeners ont eu lieu avec plusieurs h\u00f4tes. En \u00e9t\u00e9, nous vous proposons que vous partagiez une des barbecues que nous organisons \u00e0 plein air. D\u00e9couvrir la montagne ouvre l\u2019app\u00e9tit\u2026<\/li><\/ul>\t\t\t\t\t\t<\/div>\n\t\t\t\t<\/div>\n\t\t\t\t<section class=\"elementor-section elementor-inner-section elementor-element elementor-element-594a992 elementor-section-boxed elementor-section-height-default elementor-section-height-default\" data-id=\"594a992\" data-element_type=\"section\">\n\t\t\t\t\t\t<div class=\"elementor-container elementor-column-gap-default\">\n\t\t\t\t\t<div class=\"elementor-column elementor-col-33 elementor-inner-column elementor-element elementor-element-c50a87c\" data-id=\"c50a87c\" data-element_type=\"column\">\n\t\t\t<div class=\"elementor-widget-wrap elementor-element-populated\">\n\t\t\t\t\t\t<div class=\"elementor-element elementor-element-da8d048 elementor-widget elementor-widget-image\" data-id=\"da8d048\" data-element_type=\"widget\" data-widget_type=\"image.default\">\n\t\t\t\t<div class=\"elementor-widget-container\">\n\t\t\t<style>\/*! elementor - v3.21.0 - 26-05-2024 *\/\n.elementor-widget-image{text-align:center}.elementor-widget-image a{display:inline-block}.elementor-widget-image a img[src$=\".svg\"]{width:48px}.elementor-widget-image img{vertical-align:middle;display:inline-block}<\/style>\t\t\t\t\t\t\t\t\t\t\t<a href=\"https:\/\/www.mountainhosteltarter.com\/wp-content\/uploads\/2021\/08\/mountain-hostel-tarter-andorra-kitchen-10.jpg\" data-elementor-open-lightbox=\"yes\" data-e-action-hash=\"#elementor-action%3Aaction%3Dlightbox%26settings%3DeyJpZCI6MTczMTUsInVybCI6Imh0dHBzOlwvXC93d3cubW91bnRhaW5ob3N0ZWx0YXJ0ZXIuY29tXC93cC1jb250ZW50XC91cGxvYWRzXC8yMDIxXC8wOFwvbW91bnRhaW4taG9zdGVsLXRhcnRlci1hbmRvcnJhLWtpdGNoZW4tMTAuanBnIn0%3D\">\n\t\t\t\t\t\t\t<img fetchpriority=\"high\" decoding=\"async\" width=\"1000\" height=\"667\" src=\"https:\/\/www.mountainhosteltarter.com\/wp-content\/uploads\/2021\/08\/mountain-hostel-tarter-andorra-kitchen-10.jpg\" class=\"attachment-large size-large wp-image-17315\" alt=\"Cocina y comedor en Mountain hostel tarter\" srcset=\"https:\/\/www.mountainhosteltarter.com\/wp-content\/uploads\/2021\/08\/mountain-hostel-tarter-andorra-kitchen-10.jpg 1000w, https:\/\/www.mountainhosteltarter.com\/wp-content\/uploads\/2021\/08\/mountain-hostel-tarter-andorra-kitchen-10-300x200.jpg 300w, https:\/\/www.mountainhosteltarter.com\/wp-content\/uploads\/2021\/08\/mountain-hostel-tarter-andorra-kitchen-10-768x512.jpg 768w\" sizes=\"(max-width: 1000px) 100vw, 1000px\" \/>\t\t\t\t\t\t\t\t<\/a>\n\t\t\t\t\t\t\t\t\t\t\t\t\t<\/div>\n\t\t\t\t<\/div>\n\t\t\t\t\t<\/div>\n\t\t<\/div>\n\t\t\t\t<div class=\"elementor-column elementor-col-33 elementor-inner-column elementor-element elementor-element-e87aa99\" data-id=\"e87aa99\" data-element_type=\"column\">\n\t\t\t<div class=\"elementor-widget-wrap elementor-element-populated\">\n\t\t\t\t\t\t<div class=\"elementor-element elementor-element-05bfd25 elementor-widget elementor-widget-image\" data-id=\"05bfd25\" data-element_type=\"widget\" data-widget_type=\"image.default\">\n\t\t\t\t<div class=\"elementor-widget-container\">\n\t\t\t\t\t\t\t\t\t\t\t\t\t\t<a href=\"https:\/\/www.mountainhosteltarter.com\/wp-content\/uploads\/2021\/08\/mountain-hostel-tarter-andorra-kitchen-8.jpg\" data-elementor-open-lightbox=\"yes\" data-e-action-hash=\"#elementor-action%3Aaction%3Dlightbox%26settings%3DeyJpZCI6MTczMTQsInVybCI6Imh0dHBzOlwvXC93d3cubW91bnRhaW5ob3N0ZWx0YXJ0ZXIuY29tXC93cC1jb250ZW50XC91cGxvYWRzXC8yMDIxXC8wOFwvbW91bnRhaW4taG9zdGVsLXRhcnRlci1hbmRvcnJhLWtpdGNoZW4tOC5qcGcifQ%3D%3D\">\n\t\t\t\t\t\t\t<img decoding=\"async\" width=\"1000\" height=\"667\" src=\"https:\/\/www.mountainhosteltarter.com\/wp-content\/uploads\/2021\/08\/mountain-hostel-tarter-andorra-kitchen-8.jpg\" class=\"attachment-large size-large wp-image-17314\" alt=\"Cocina y comedor en Mountain hostel tarter\" srcset=\"https:\/\/www.mountainhosteltarter.com\/wp-content\/uploads\/2021\/08\/mountain-hostel-tarter-andorra-kitchen-8.jpg 1000w, https:\/\/www.mountainhosteltarter.com\/wp-content\/uploads\/2021\/08\/mountain-hostel-tarter-andorra-kitchen-8-300x200.jpg 300w, https:\/\/www.mountainhosteltarter.com\/wp-content\/uploads\/2021\/08\/mountain-hostel-tarter-andorra-kitchen-8-768x512.jpg 768w\" sizes=\"(max-width: 1000px) 100vw, 1000px\" \/>\t\t\t\t\t\t\t\t<\/a>\n\t\t\t\t\t\t\t\t\t\t\t\t\t<\/div>\n\t\t\t\t<\/div>\n\t\t\t\t\t<\/div>\n\t\t<\/div>\n\t\t\t\t<div class=\"elementor-column elementor-col-33 elementor-inner-column elementor-element elementor-element-5d84f98\" data-id=\"5d84f98\" data-element_type=\"column\">\n\t\t\t<div class=\"elementor-widget-wrap elementor-element-populated\">\n\t\t\t\t\t\t<div class=\"elementor-element elementor-element-0d72b01 elementor-widget elementor-widget-image\" data-id=\"0d72b01\" data-element_type=\"widget\" data-widget_type=\"image.default\">\n\t\t\t\t<div class=\"elementor-widget-container\">\n\t\t\t\t\t\t\t\t\t\t\t\t\t\t<a href=\"https:\/\/www.mountainhosteltarter.com\/wp-content\/uploads\/2021\/08\/mountain-hostel-tarter-andorra-dinning-room-40-2.jpg\" data-elementor-open-lightbox=\"yes\" data-e-action-hash=\"#elementor-action%3Aaction%3Dlightbox%26settings%3DeyJpZCI6MTczMTMsInVybCI6Imh0dHBzOlwvXC93d3cubW91bnRhaW5ob3N0ZWx0YXJ0ZXIuY29tXC93cC1jb250ZW50XC91cGxvYWRzXC8yMDIxXC8wOFwvbW91bnRhaW4taG9zdGVsLXRhcnRlci1hbmRvcnJhLWRpbm5pbmctcm9vbS00MC0yLmpwZyJ9\">\n\t\t\t\t\t\t\t<img decoding=\"async\" width=\"1000\" height=\"667\" src=\"https:\/\/www.mountainhosteltarter.com\/wp-content\/uploads\/2021\/08\/mountain-hostel-tarter-andorra-dinning-room-40-2.jpg\" class=\"attachment-large size-large wp-image-17313\" alt=\"Cocina y comedor en Mountain hostel tarter\" srcset=\"https:\/\/www.mountainhosteltarter.com\/wp-content\/uploads\/2021\/08\/mountain-hostel-tarter-andorra-dinning-room-40-2.jpg 1000w, https:\/\/www.mountainhosteltarter.com\/wp-content\/uploads\/2021\/08\/mountain-hostel-tarter-andorra-dinning-room-40-2-300x200.jpg 300w, https:\/\/www.mountainhosteltarter.com\/wp-content\/uploads\/2021\/08\/mountain-hostel-tarter-andorra-dinning-room-40-2-768x512.jpg 768w\" sizes=\"(max-width: 1000px) 100vw, 1000px\" \/>\t\t\t\t\t\t\t\t<\/a>\n\t\t\t\t\t\t\t\t\t\t\t\t\t<\/div>\n\t\t\t\t<\/div>\n\t\t\t\t\t<\/div>\n\t\t<\/div>\n\t\t\t\t\t<\/div>\n\t\t<\/section>\n\t\t\t\t<div class=\"elementor-element elementor-element-249cee3 elementor-widget elementor-widget-text-editor\" data-id=\"249cee3\" data-element_type=\"widget\" data-widget_type=\"text-editor.default\">\n\t\t\t\t<div class=\"elementor-widget-container\">\n\t\t\t\t\t\t\t<a class=\"readmore\" href=\"https:\/\/www.mountainhosteltarter.com\/fr\/espaces\/\"><i class=\"fa fa-angle-left\"><\/i> retour \u00e0 espaces<\/a>\t\t\t\t\t\t<\/div>\n\t\t\t\t<\/div>\n\t\t\t\t<div class=\"elementor-element elementor-element-08de1ae elementor-widget elementor-widget-spacer\" data-id=\"08de1ae\" data-element_type=\"widget\" data-widget_type=\"spacer.default\">\n\t\t\t\t<div class=\"elementor-widget-container\">\n\t\t\t\t\t<div class=\"elementor-spacer\">\n\t\t\t<div class=\"elementor-spacer-inner\"><\/div>\n\t\t<\/div>\n\t\t\t\t<\/div>\n\t\t\t\t<\/div>\n\t\t\t\t\t<\/div>\n\t\t<\/div>\n\t\t\t\t<div class=\"elementor-column elementor-col-50 elementor-top-column elementor-element elementor-element-52d6274 imagen-fondo\" data-id=\"52d6274\" data-element_type=\"column\" data-settings=\"{&quot;background_background&quot;:&quot;classic&quot;}\">\n\t\t\t<div class=\"elementor-widget-wrap elementor-element-populated\">\n\t\t\t\t\t<div class=\"elementor-background-overlay\"><\/div>\n\t\t\t\t\t\t<div class=\"elementor-element elementor-element-170641e text-right-list elementor-widget elementor-widget-text-editor\" data-id=\"170641e\" data-element_type=\"widget\" data-widget_type=\"text-editor.default\">\n\t\t\t\t<div class=\"elementor-widget-container\">\n\t\t\t\t\t\t\t<h2 class=\"h2-white1\">CUISINE ET SALLE \u00c0 MANGER, LE CENTRE DE LA F\u00caTE<\/h2>\n<b style=\"text-align: justify;\">Caf\u00e9 ou th\u00e9 gratuit pendant toute la journ\u00e9e\n\n<\/b>\t\t\t\t\t\t<\/div>\n\t\t\t\t<\/div>\n\t\t\t\t\t<\/div>\n\t\t<\/div>\n\t\t\t\t\t<\/div>\n\t\t<\/section>\n\t\t\t\t<\/div>\n\t\t","protected":false},"excerpt":{"rendered":"<p>Nous vous invitons \u00e0 notre grande et amusante cuisine \u00e9quip\u00e9e ouverte toute la journ\u00e9e Rappelez-vous que vous pouvez boire notre caf\u00e9 ou th\u00e9 de fa\u00e7on gratuite. Oui, gratuite. Rien ne manque: four \u00e0 microondes, four, grille-pain, presse-agrumes, mixeur, vitroc\u00e9ramique\u2026 Vous avez \u00e0 votre disposition des frigos pour garder des produits au frais et des paniers &#8230; <a title=\"Cuisine salle manger\" class=\"read-more\" href=\"https:\/\/www.mountainhosteltarter.com\/fr\/espaces\/cuisine-salle-manger\/\" aria-label=\"Read more about Cuisine salle manger\">Lire plus<\/a><\/p>\n","protected":false},"author":1,"featured_media":28,"parent":17269,"menu_order":39,"comment_status":"closed","ping_status":"closed","template":"","meta":{"_glsr_average":0,"_glsr_ranking":0,"_glsr_reviews":0,"footnotes":""},"yoast_head":"<!-- This site is optimized with the Yoast SEO plugin v22.8 - https:\/\/yoast.com\/wordpress\/plugins\/seo\/ -->\n<title>Auberge \u00e0 Andorre - Cuisine tr\u00e8s bien equip\u00e9e et salle \u00e0 manger<\/title>\n<meta name=\"description\" content=\"Caf\u00e9 et th\u00e9 gratuits toute la journ\u00e9e dans la cuisine de notre auberge. Super \u00e9quip\u00e9e et avec r\u00e9frig\u00e9rateur avec de l&#039;espace pour ranger vos aliments\" \/>\n<meta name=\"robots\" content=\"index, follow, max-snippet:-1, max-image-preview:large, max-video-preview:-1\" \/>\n<link rel=\"canonical\" href=\"https:\/\/www.mountainhosteltarter.com\/fr\/espaces\/cuisine-salle-manger\/\" \/>\n<meta property=\"og:locale\" content=\"fr_FR\" \/>\n<meta property=\"og:type\" content=\"article\" \/>\n<meta property=\"og:title\" content=\"Auberge \u00e0 Andorre - Cuisine tr\u00e8s bien equip\u00e9e et salle \u00e0 manger\" \/>\n<meta property=\"og:description\" content=\"Caf\u00e9 et th\u00e9 gratuits toute la journ\u00e9e dans la cuisine de notre auberge. Super \u00e9quip\u00e9e et avec r\u00e9frig\u00e9rateur avec de l&#039;espace pour ranger vos aliments\" \/>\n<meta property=\"og:url\" content=\"https:\/\/www.mountainhosteltarter.com\/fr\/espaces\/cuisine-salle-manger\/\" \/>\n<meta property=\"og:site_name\" content=\"Mountain Hostel Tarter\" \/>\n<meta property=\"article:modified_time\" content=\"2021-10-19T22:25:12+00:00\" \/>\n<meta property=\"og:image\" content=\"https:\/\/www.mountainhosteltarter.com\/wp-content\/uploads\/2017\/12\/SPL-Gallery-4.jpg\" \/>\n\t<meta property=\"og:image:width\" content=\"1920\" \/>\n\t<meta property=\"og:image:height\" content=\"1080\" \/>\n\t<meta property=\"og:image:type\" content=\"image\/jpeg\" \/>\n<meta name=\"twitter:card\" content=\"summary_large_image\" \/>\n<meta name=\"twitter:label1\" content=\"Dur\u00e9e de lecture estim\u00e9e\" \/>\n\t<meta name=\"twitter:data1\" content=\"1 minute\" \/>\n<script type=\"application\/ld+json\" class=\"yoast-schema-graph\">{\"@context\":\"https:\/\/schema.org\",\"@graph\":[{\"@type\":\"WebPage\",\"@id\":\"https:\/\/www.mountainhosteltarter.com\/fr\/espaces\/cuisine-salle-manger\/\",\"url\":\"https:\/\/www.mountainhosteltarter.com\/fr\/espaces\/cuisine-salle-manger\/\",\"name\":\"Auberge \u00e0 Andorre - Cuisine tr\u00e8s bien equip\u00e9e et salle \u00e0 manger\",\"isPartOf\":{\"@id\":\"https:\/\/www.mountainhosteltarter.com\/fr\/#website\"},\"primaryImageOfPage\":{\"@id\":\"https:\/\/www.mountainhosteltarter.com\/fr\/espaces\/cuisine-salle-manger\/#primaryimage\"},\"image\":{\"@id\":\"https:\/\/www.mountainhosteltarter.com\/fr\/espaces\/cuisine-salle-manger\/#primaryimage\"},\"thumbnailUrl\":\"https:\/\/www.mountainhosteltarter.com\/wp-content\/uploads\/2017\/12\/SPL-Gallery-4.jpg\",\"datePublished\":\"2021-09-21T22:22:12+00:00\",\"dateModified\":\"2021-10-19T22:25:12+00:00\",\"description\":\"Caf\u00e9 et th\u00e9 gratuits toute la journ\u00e9e dans la cuisine de notre auberge. Super \u00e9quip\u00e9e et avec r\u00e9frig\u00e9rateur avec de l'espace pour ranger vos aliments\",\"breadcrumb\":{\"@id\":\"https:\/\/www.mountainhosteltarter.com\/fr\/espaces\/cuisine-salle-manger\/#breadcrumb\"},\"inLanguage\":\"fr-FR\",\"potentialAction\":[{\"@type\":\"ReadAction\",\"target\":[\"https:\/\/www.mountainhosteltarter.com\/fr\/espaces\/cuisine-salle-manger\/\"]}]},{\"@type\":\"ImageObject\",\"inLanguage\":\"fr-FR\",\"@id\":\"https:\/\/www.mountainhosteltarter.com\/fr\/espaces\/cuisine-salle-manger\/#primaryimage\",\"url\":\"https:\/\/www.mountainhosteltarter.com\/wp-content\/uploads\/2017\/12\/SPL-Gallery-4.jpg\",\"contentUrl\":\"https:\/\/www.mountainhosteltarter.com\/wp-content\/uploads\/2017\/12\/SPL-Gallery-4.jpg\",\"width\":1920,\"height\":1080,\"caption\":\"Mountain Hostel Tarter\"},{\"@type\":\"BreadcrumbList\",\"@id\":\"https:\/\/www.mountainhosteltarter.com\/fr\/espaces\/cuisine-salle-manger\/#breadcrumb\",\"itemListElement\":[{\"@type\":\"ListItem\",\"position\":1,\"name\":\"Portada\",\"item\":\"https:\/\/www.mountainhosteltarter.com\/fr\/\"},{\"@type\":\"ListItem\",\"position\":2,\"name\":\"Espaces\",\"item\":\"https:\/\/www.mountainhosteltarter.com\/fr\/espaces\/\"},{\"@type\":\"ListItem\",\"position\":3,\"name\":\"Cuisine salle manger\"}]},{\"@type\":\"WebSite\",\"@id\":\"https:\/\/www.mountainhosteltarter.com\/fr\/#website\",\"url\":\"https:\/\/www.mountainhosteltarter.com\/fr\/\",\"name\":\"Mountain Hostel Tarter\",\"description\":\"El mejor Hostal en Grandvalira Andorra\",\"publisher\":{\"@id\":\"https:\/\/www.mountainhosteltarter.com\/fr\/#organization\"},\"potentialAction\":[{\"@type\":\"SearchAction\",\"target\":{\"@type\":\"EntryPoint\",\"urlTemplate\":\"https:\/\/www.mountainhosteltarter.com\/fr\/?s={search_term_string}\"},\"query-input\":\"required name=search_term_string\"}],\"inLanguage\":\"fr-FR\"},{\"@type\":\"Organization\",\"@id\":\"https:\/\/www.mountainhosteltarter.com\/fr\/#organization\",\"name\":\"Mountain Hostel Tarter\",\"url\":\"https:\/\/www.mountainhosteltarter.com\/fr\/\",\"logo\":{\"@type\":\"ImageObject\",\"inLanguage\":\"fr-FR\",\"@id\":\"https:\/\/www.mountainhosteltarter.com\/fr\/#\/schema\/logo\/image\/\",\"url\":\"https:\/\/www.mountainhosteltarter.com\/wp-content\/uploads\/2021\/08\/logo.png\",\"contentUrl\":\"https:\/\/www.mountainhosteltarter.com\/wp-content\/uploads\/2021\/08\/logo.png\",\"width\":200,\"height\":103,\"caption\":\"Mountain Hostel Tarter\"},\"image\":{\"@id\":\"https:\/\/www.mountainhosteltarter.com\/fr\/#\/schema\/logo\/image\/\"}}]}<\/script>\n<!-- \/ Yoast SEO plugin. -->","yoast_head_json":{"title":"Auberge \u00e0 Andorre - Cuisine tr\u00e8s bien equip\u00e9e et salle \u00e0 manger","description":"Caf\u00e9 et th\u00e9 gratuits toute la journ\u00e9e dans la cuisine de notre auberge. Super \u00e9quip\u00e9e et avec r\u00e9frig\u00e9rateur avec de l'espace pour ranger vos aliments","robots":{"index":"index","follow":"follow","max-snippet":"max-snippet:-1","max-image-preview":"max-image-preview:large","max-video-preview":"max-video-preview:-1"},"canonical":"https:\/\/www.mountainhosteltarter.com\/fr\/espaces\/cuisine-salle-manger\/","og_locale":"fr_FR","og_type":"article","og_title":"Auberge \u00e0 Andorre - Cuisine tr\u00e8s bien equip\u00e9e et salle \u00e0 manger","og_description":"Caf\u00e9 et th\u00e9 gratuits toute la journ\u00e9e dans la cuisine de notre auberge. Super \u00e9quip\u00e9e et avec r\u00e9frig\u00e9rateur avec de l'espace pour ranger vos aliments","og_url":"https:\/\/www.mountainhosteltarter.com\/fr\/espaces\/cuisine-salle-manger\/","og_site_name":"Mountain Hostel Tarter","article_modified_time":"2021-10-19T22:25:12+00:00","og_image":[{"width":1920,"height":1080,"url":"https:\/\/www.mountainhosteltarter.com\/wp-content\/uploads\/2017\/12\/SPL-Gallery-4.jpg","type":"image\/jpeg"}],"twitter_card":"summary_large_image","twitter_misc":{"Dur\u00e9e de lecture estim\u00e9e":"1 minute"},"schema":{"@context":"https:\/\/schema.org","@graph":[{"@type":"WebPage","@id":"https:\/\/www.mountainhosteltarter.com\/fr\/espaces\/cuisine-salle-manger\/","url":"https:\/\/www.mountainhosteltarter.com\/fr\/espaces\/cuisine-salle-manger\/","name":"Auberge \u00e0 Andorre - Cuisine tr\u00e8s bien equip\u00e9e et salle \u00e0 manger","isPartOf":{"@id":"https:\/\/www.mountainhosteltarter.com\/fr\/#website"},"primaryImageOfPage":{"@id":"https:\/\/www.mountainhosteltarter.com\/fr\/espaces\/cuisine-salle-manger\/#primaryimage"},"image":{"@id":"https:\/\/www.mountainhosteltarter.com\/fr\/espaces\/cuisine-salle-manger\/#primaryimage"},"thumbnailUrl":"https:\/\/www.mountainhosteltarter.com\/wp-content\/uploads\/2017\/12\/SPL-Gallery-4.jpg","datePublished":"2021-09-21T22:22:12+00:00","dateModified":"2021-10-19T22:25:12+00:00","description":"Caf\u00e9 et th\u00e9 gratuits toute la journ\u00e9e dans la cuisine de notre auberge. Super \u00e9quip\u00e9e et avec r\u00e9frig\u00e9rateur avec de l'espace pour ranger vos aliments","breadcrumb":{"@id":"https:\/\/www.mountainhosteltarter.com\/fr\/espaces\/cuisine-salle-manger\/#breadcrumb"},"inLanguage":"fr-FR","potentialAction":[{"@type":"ReadAction","target":["https:\/\/www.mountainhosteltarter.com\/fr\/espaces\/cuisine-salle-manger\/"]}]},{"@type":"ImageObject","inLanguage":"fr-FR","@id":"https:\/\/www.mountainhosteltarter.com\/fr\/espaces\/cuisine-salle-manger\/#primaryimage","url":"https:\/\/www.mountainhosteltarter.com\/wp-content\/uploads\/2017\/12\/SPL-Gallery-4.jpg","contentUrl":"https:\/\/www.mountainhosteltarter.com\/wp-content\/uploads\/2017\/12\/SPL-Gallery-4.jpg","width":1920,"height":1080,"caption":"Mountain Hostel Tarter"},{"@type":"BreadcrumbList","@id":"https:\/\/www.mountainhosteltarter.com\/fr\/espaces\/cuisine-salle-manger\/#breadcrumb","itemListElement":[{"@type":"ListItem","position":1,"name":"Portada","item":"https:\/\/www.mountainhosteltarter.com\/fr\/"},{"@type":"ListItem","position":2,"name":"Espaces","item":"https:\/\/www.mountainhosteltarter.com\/fr\/espaces\/"},{"@type":"ListItem","position":3,"name":"Cuisine salle manger"}]},{"@type":"WebSite","@id":"https:\/\/www.mountainhosteltarter.com\/fr\/#website","url":"https:\/\/www.mountainhosteltarter.com\/fr\/","name":"Mountain Hostel Tarter","description":"El mejor Hostal en Grandvalira Andorra","publisher":{"@id":"https:\/\/www.mountainhosteltarter.com\/fr\/#organization"},"potentialAction":[{"@type":"SearchAction","target":{"@type":"EntryPoint","urlTemplate":"https:\/\/www.mountainhosteltarter.com\/fr\/?s={search_term_string}"},"query-input":"required name=search_term_string"}],"inLanguage":"fr-FR"},{"@type":"Organization","@id":"https:\/\/www.mountainhosteltarter.com\/fr\/#organization","name":"Mountain Hostel Tarter","url":"https:\/\/www.mountainhosteltarter.com\/fr\/","logo":{"@type":"ImageObject","inLanguage":"fr-FR","@id":"https:\/\/www.mountainhosteltarter.com\/fr\/#\/schema\/logo\/image\/","url":"https:\/\/www.mountainhosteltarter.com\/wp-content\/uploads\/2021\/08\/logo.png","contentUrl":"https:\/\/www.mountainhosteltarter.com\/wp-content\/uploads\/2021\/08\/logo.png","width":200,"height":103,"caption":"Mountain Hostel Tarter"},"image":{"@id":"https:\/\/www.mountainhosteltarter.com\/fr\/#\/schema\/logo\/image\/"}}]}},"_links":{"self":[{"href":"https:\/\/www.mountainhosteltarter.com\/fr\/wp-json\/wp\/v2\/pages\/17306"}],"collection":[{"href":"https:\/\/www.mountainhosteltarter.com\/fr\/wp-json\/wp\/v2\/pages"}],"about":[{"href":"https:\/\/www.mountainhosteltarter.com\/fr\/wp-json\/wp\/v2\/types\/page"}],"author":[{"embeddable":true,"href":"https:\/\/www.mountainhosteltarter.com\/fr\/wp-json\/wp\/v2\/users\/1"}],"replies":[{"embeddable":true,"href":"https:\/\/www.mountainhosteltarter.com\/fr\/wp-json\/wp\/v2\/comments?post=17306"}],"version-history":[{"count":0,"href":"https:\/\/www.mountainhosteltarter.com\/fr\/wp-json\/wp\/v2\/pages\/17306\/revisions"}],"up":[{"embeddable":true,"href":"https:\/\/www.mountainhosteltarter.com\/fr\/wp-json\/wp\/v2\/pages\/17269"}],"wp:featuredmedia":[{"embeddable":true,"href":"https:\/\/www.mountainhosteltarter.com\/fr\/wp-json\/wp\/v2\/media\/28"}],"wp:attachment":[{"href":"https:\/\/www.mountainhosteltarter.com\/fr\/wp-json\/wp\/v2\/media?parent=17306"}],"curies":[{"name":"wp","href":"https:\/\/api.w.org\/{rel}","templated":true}]}}